{"id":2379,"date":"2020-12-07T11:46:37","date_gmt":"2020-12-07T09:46:37","guid":{"rendered":"http:\/\/windside.com\/?page_id=2379"},"modified":"2020-12-07T12:55:30","modified_gmt":"2020-12-07T10:55:30","slug":"esitteet","status":"publish","type":"page","link":"https:\/\/windside.com\/fi\/tuotteet\/esitteet\/","title":{"rendered":"Lataa esitteemme t\u00e4\u00e4lt\u00e4"},"content":{"rendered":"","protected":false},"excerpt":{"rendered":"","protected":false},"author":3,"featured_media":0,"parent":2251,"menu_order":8,"comment_status":"closed","ping_status":"closed","template":"","meta":{"_acf_changed":false,"footnotes":""},"class_list":["post-2379","page","type-page","status-publish","hentry"],"acf":[],"aioseo_notices":[],"_links":{"self":[{"href":"https:\/\/windside.com\/fi\/wp-json\/wp\/v2\/pages\/2379","targetHints":{"allow":["GET"]}}],"collection":[{"href":"https:\/\/windside.com\/fi\/wp-json\/wp\/v2\/pages"}],"about":[{"href":"https:\/\/windside.com\/fi\/wp-json\/wp\/v2\/types\/page"}],"author":[{"embeddable":true,"href":"https:\/\/windside.com\/fi\/wp-json\/wp\/v2\/users\/3"}],"replies":[{"embeddable":true,"href":"https:\/\/windside.com\/fi\/wp-json\/wp\/v2\/comments?post=2379"}],"version-history":[{"count":0,"href":"https:\/\/windside.com\/fi\/wp-json\/wp\/v2\/pages\/2379\/revisions"}],"up":[{"embeddable":true,"href":"https:\/\/windside.com\/fi\/wp-json\/wp\/v2\/pages\/2251"}],"wp:attachment":[{"href":"https:\/\/windside.com\/fi\/wp-json\/wp\/v2\/media?parent=2379"}],"curies":[{"name":"wp","href":"https:\/\/api.w.org\/{rel}","templated":true}]}}